{"id":6220,"date":"2024-07-26T22:14:02","date_gmt":"2024-07-26T22:14:02","guid":{"rendered":"https:\/\/crc-niger.com\/cargo\/?page_id=6220"},"modified":"2025-07-06T22:42:54","modified_gmt":"2025-07-06T22:42:54","slug":"a-propos","status":"publish","type":"page","link":"https:\/\/cargo-flight.com\/?page_id=6220","title":{"rendered":"A propos"},"content":{"rendered":"\t\t<div data-elementor-type=\"wp-page\" data-elementor-id=\"6220\" class=\"elementor elementor-6220\">\n\t\t\t\t<div class=\"elementor-element elementor-element-ac69ae6 e-flex e-con-boxed e-con e-parent\" data-id=\"ac69ae6\" data-element_type=\"container\">\n\t\t\t\t\t<div class=\"e-con-inner\">\n\t\t\t\t\t<\/div>\n\t\t\t\t<\/div>\n\t\t<div class=\"elementor-element elementor-element-fb9a17f e-flex e-con-boxed e-con e-parent\" data-id=\"fb9a17f\" data-element_type=\"container\">\n\t\t\t\t\t<div class=\"e-con-inner\">\n\t\t<div class=\"elementor-element elementor-element-fcb5b40 e-con-full e-flex e-con e-child\" data-id=\"fcb5b40\" data-element_type=\"container\">\n\t\t\t\t<div class=\"elementor-element elementor-element-460bb58 elementor-widget elementor-widget-text-editor\" data-id=\"460bb58\" data-element_type=\"widget\" data-widget_type=\"text-editor.default\">\n\t\t\t\t<div class=\"elementor-widget-container\">\n\t\t\t<style>\/*! elementor - v3.23.0 - 25-07-2024 *\/\n.elementor-widget-text-editor.elementor-drop-cap-view-stacked .elementor-drop-cap{background-color:#69727d;color:#fff}.elementor-widget-text-editor.elementor-drop-cap-view-framed .elementor-drop-cap{color:#69727d;border:3px solid;background-color:transparent}.elementor-widget-text-editor:not(.elementor-drop-cap-view-default) .elementor-drop-cap{margin-top:8px}.elementor-widget-text-editor:not(.elementor-drop-cap-view-default) .elementor-drop-cap-letter{width:1em;height:1em}.elementor-widget-text-editor .elementor-drop-cap{float:left;text-align:center;line-height:1;font-size:50px}.elementor-widget-text-editor .elementor-drop-cap-letter{display:inline-block}<\/style>\t\t\t\t<h4>Nos Valeurs<\/h4><ul><li><strong>Excellence<\/strong> : Nous nous engageons \u00e0 fournir des services de la plus haute qualit\u00e9, en surpassant les attentes de nos clients.<\/li><li><strong>Fiabilit\u00e9<\/strong> : Nous \u00e9tablissons des partenariats solides et durables avec des fournisseurs de confiance pour garantir la fiabilit\u00e9 de nos op\u00e9rations.<\/li><li><strong>Innovation<\/strong> : Nous investissons continuellement dans des technologies avanc\u00e9es pour am\u00e9liorer nos services et offrir des solutions novatrices.<\/li><\/ul><h4>Nos Atouts<\/h4><ul><li><strong>Exp\u00e9rience<\/strong> : Avec plus de 20 ans dans le secteur de l&rsquo;aviation et de la logistique a\u00e9ronautique, nous avons d\u00e9velopp\u00e9 une expertise reconnue.<\/li><li><strong>R\u00e9seau Mondial<\/strong> : Notre pr\u00e9sence internationale et notre r\u00e9seau de partenaires nous permettent d&rsquo;op\u00e9rer efficacement \u00e0 l&rsquo;\u00e9chelle mondiale.<\/li><li><strong>Solutions Personnalis\u00e9es<\/strong> : Nous adaptons nos services aux besoins sp\u00e9cifiques de chaque client, assurant des solutions sur mesure pour chaque mission.<\/li><\/ul><h4>Nos Engagements<\/h4><p>Chez <strong>Cargo Flight Assistance and Services<\/strong>, nous sommes d\u00e9termin\u00e9s \u00e0 maintenir les plus hauts standards de s\u00e9curit\u00e9, de conformit\u00e9 et de satisfaction client. Nous travaillons en \u00e9troite collaboration avec les autorit\u00e9s a\u00e9roportuaires et les organismes de r\u00e9gulation pour garantir des op\u00e9rations s\u00fbres et conformes aux r\u00e9glementations internationales.<\/p>\t\t\t\t\t\t<\/div>\n\t\t\t\t<\/div>\n\t\t\t\t<\/div>\n\t\t<div class=\"elementor-element elementor-element-fc0286d e-con-full e-flex e-con e-child\" data-id=\"fc0286d\" data-element_type=\"container\">\n\t\t\t\t<div class=\"elementor-element elementor-element-50c2944 elementor-widget elementor-widget-spacer\" data-id=\"50c2944\" data-element_type=\"widget\" data-widget_type=\"spacer.default\">\n\t\t\t\t<div class=\"elementor-widget-container\">\n\t\t\t<style>\/*! elementor - v3.23.0 - 25-07-2024 *\/\n.elementor-column .elementor-spacer-inner{height:var(--spacer-size)}.e-con{--container-widget-width:100%}.e-con-inner>.elementor-widget-spacer,.e-con>.elementor-widget-spacer{width:var(--container-widget-width,var(--spacer-size));--align-self:var(--container-widget-align-self,initial);--flex-shrink:0}.e-con-inner>.elementor-widget-spacer>.elementor-widget-container,.e-con>.elementor-widget-spacer>.elementor-widget-container{height:100%;width:100%}.e-con-inner>.elementor-widget-spacer>.elementor-widget-container>.elementor-spacer,.e-con>.elementor-widget-spacer>.elementor-widget-container>.elementor-spacer{height:100%}.e-con-inner>.elementor-widget-spacer>.elementor-widget-container>.elementor-spacer>.elementor-spacer-inner,.e-con>.elementor-widget-spacer>.elementor-widget-container>.elementor-spacer>.elementor-spacer-inner{height:var(--container-widget-height,var(--spacer-size))}.e-con-inner>.elementor-widget-spacer.elementor-widget-empty,.e-con>.elementor-widget-spacer.elementor-widget-empty{position:relative;min-height:22px;min-width:22px}.e-con-inner>.elementor-widget-spacer.elementor-widget-empty .elementor-widget-empty-icon,.e-con>.elementor-widget-spacer.elementor-widget-empty .elementor-widget-empty-icon{position:absolute;top:0;bottom:0;left:0;right:0;margin:auto;padding:0;width:22px;height:22px}<\/style>\t\t<div class=\"elementor-spacer\">\n\t\t\t<div class=\"elementor-spacer-inner\"><\/div>\n\t\t<\/div>\n\t\t\t\t<\/div>\n\t\t\t\t<\/div>\n\t\t\t\t<div class=\"elementor-element elementor-element-a24524f elementor-widget elementor-widget-image\" data-id=\"a24524f\" data-element_type=\"widget\" data-widget_type=\"image.default\">\n\t\t\t\t<div class=\"elementor-widget-container\">\n\t\t\t<style>\/*! elementor - v3.23.0 - 25-07-2024 *\/\n.elementor-widget-image{text-align:center}.elementor-widget-image a{display:inline-block}.elementor-widget-image a img[src$=\".svg\"]{width:48px}.elementor-widget-image img{vertical-align:middle;display:inline-block}<\/style>\t\t\t\t\t\t\t\t\t\t<img fetchpriority=\"high\" decoding=\"async\" width=\"751\" height=\"563\" src=\"https:\/\/cargo-flight.com\/wp-content\/uploads\/2025\/07\/WhatsApp-Image-2025-07-06-at-00.48.17-1024x768.jpeg\" class=\"attachment-large size-large wp-image-6342\" alt=\"\" srcset=\"https:\/\/cargo-flight.com\/wp-content\/uploads\/2025\/07\/WhatsApp-Image-2025-07-06-at-00.48.17-1024x768.jpeg 1024w, https:\/\/cargo-flight.com\/wp-content\/uploads\/2025\/07\/WhatsApp-Image-2025-07-06-at-00.48.17-300x225.jpeg 300w, https:\/\/cargo-flight.com\/wp-content\/uploads\/2025\/07\/WhatsApp-Image-2025-07-06-at-00.48.17-768x576.jpeg 768w, https:\/\/cargo-flight.com\/wp-content\/uploads\/2025\/07\/WhatsApp-Image-2025-07-06-at-00.48.17-1536x1152.jpeg 1536w, https:\/\/cargo-flight.com\/wp-content\/uploads\/2025\/07\/WhatsApp-Image-2025-07-06-at-00.48.17.jpeg 1600w\" sizes=\"(max-width: 751px) 100vw, 751px\" \/>\t\t\t\t\t\t\t\t\t\t\t\t\t<\/div>\n\t\t\t\t<\/div>\n\t\t\t\t<\/div>\n\t\t\t\t\t<\/div>\n\t\t\t\t<\/div>\n\t\t\t\t<\/div>\n\t\t","protected":false},"excerpt":{"rendered":"<p>Nos Valeurs Excellence : Nous nous engageons \u00e0 fournir des services de la plus haute qualit\u00e9, en surpassant les attentes de nos clients. Fiabilit\u00e9 : Nous \u00e9tablissons des partenariats solides et durables avec des fournisseurs de confiance pour garantir la fiabilit\u00e9 de nos op\u00e9rations. Innovation : Nous investissons continuellement dans des technologies avanc\u00e9es pour am\u00e9liorer&#8230;<\/p>\n","protected":false},"author":1,"featured_media":0,"parent":0,"menu_order":0,"comment_status":"closed","ping_status":"closed","template":"","meta":{"footnotes":""},"class_list":["post-6220","page","type-page","status-publish","hentry"],"_links":{"self":[{"href":"https:\/\/cargo-flight.com\/index.php?rest_route=\/wp\/v2\/pages\/6220"}],"collection":[{"href":"https:\/\/cargo-flight.com\/index.php?rest_route=\/wp\/v2\/pages"}],"about":[{"href":"https:\/\/cargo-flight.com\/index.php?rest_route=\/wp\/v2\/types\/page"}],"author":[{"embeddable":true,"href":"https:\/\/cargo-flight.com\/index.php?rest_route=\/wp\/v2\/users\/1"}],"replies":[{"embeddable":true,"href":"https:\/\/cargo-flight.com\/index.php?rest_route=%2Fwp%2Fv2%2Fcomments&post=6220"}],"version-history":[{"count":10,"href":"https:\/\/cargo-flight.com\/index.php?rest_route=\/wp\/v2\/pages\/6220\/revisions"}],"predecessor-version":[{"id":6380,"href":"https:\/\/cargo-flight.com\/index.php?rest_route=\/wp\/v2\/pages\/6220\/revisions\/6380"}],"wp:attachment":[{"href":"https:\/\/cargo-flight.com\/index.php?rest_route=%2Fwp%2Fv2%2Fmedia&parent=6220"}],"curies":[{"name":"wp","href":"https:\/\/api.w.org\/{rel}","templated":true}]}}